{"id":1572,"date":"2018-02-02T16:09:55","date_gmt":"2018-02-02T16:09:55","guid":{"rendered":"https:\/\/www.connectloanservicing.com\/requisitos-del-navegador\/"},"modified":"2025-12-18T15:00:20","modified_gmt":"2025-12-18T15:00:20","slug":"requisitos-del-navegador","status":"publish","type":"page","link":"https:\/\/www.connectloanservicing.com\/es\/requisitos-del-navegador\/","title":{"rendered":"Requisitos del navegador"},"content":{"rendered":"<p>[et_pb_section fb_built=\u00bb1&#8243; _builder_version=\u00bb4.16&#8243; custom_padding=\u00bb54px|0px|3px|0px|false|false\u00bb global_colors_info=\u00bb{}\u00bb][et_pb_row _builder_version=\u00bb4.16&#8243; custom_padding=\u00bb0px|0px|27px|0px\u00bb global_colors_info=\u00bb{}\u00bb][et_pb_column type=\u00bb4_4&#8243; _builder_version=\u00bb4.16&#8243; custom_padding=\u00bb|||\u00bb global_colors_info=\u00bb{}\u00bb custom_padding__hover=\u00bb|||\u00bb][et_pb_text _builder_version=\u00bb4.16&#8243; global_colors_info=\u00bb{}\u00bb]<\/p>\n<h1 style=\"text-align: center;\"><span style=\"color: #00299b;\">Requisitos del navegador<\/span><\/h1>\n<p>[\/et_pb_text][\/et_pb_column][\/et_pb_row][et_pb_row _builder_version=\u00bb4.16&#8243; background_size=\u00bbinitial\u00bb background_position=\u00bbtop_left\u00bb background_repeat=\u00bbrepeat\u00bb custom_padding=\u00bb0px|0px|27px|0px\u00bb global_colors_info=\u00bb{}\u00bb][et_pb_column type=\u00bb4_4&#8243; _builder_version=\u00bb4.16&#8243; custom_padding=\u00bb|||\u00bb global_colors_info=\u00bb{}\u00bb custom_padding__hover=\u00bb|||\u00bb][et_pb_text _builder_version=\u00bb4.16&#8243; background_size=\u00bbinitial\u00bb background_position=\u00bbtop_left\u00bb background_repeat=\u00bbrepeat\u00bb global_colors_info=\u00bb{}\u00bb]<\/p>\n<p><strong>\ud83d\udd27 Compatibilidad con navegadores y requisitos t\u00e9cnicos<\/strong><\/p>\n<p>Para garantizar una experiencia fluida y segura, utilice uno de los siguientes navegadores actualizados con soporte completo para los est\u00e1ndares web modernos:<\/p>\n<ul>\n<li><strong>Google Chrome:<\/strong> versi\u00f3n 112 o posterior<\/li>\n<li><strong>Mozilla Firefox:<\/strong> versi\u00f3n 115 o posterior<\/li>\n<li><strong>Microsoft Edge:<\/strong> versi\u00f3n 112 o posterior<\/li>\n<li><strong>Apple Safari:<\/strong> versi\u00f3n 16 o posterior<\/li>\n<\/ul>\n<p><em>Nota: Ya no ofrecemos soporte para Internet Explorer, Netscape ni navegadores m\u00f3viles obsoletos.<\/em><\/p>\n<p><strong>\ud83d\udd10 Protocolos de seguridad<\/strong><\/p>\n<ul>\n<li>El sitio utiliza <strong>cifrado SSL\/TLS de 256 bits<\/strong>, que es el est\u00e1ndar para proteger los datos del usuario en tr\u00e1nsito<\/li>\n<li>Aseg\u00farese de que su navegador tenga <strong>TLS 1.2 o TLS 1.3 habilitado<\/strong>; de lo contrario, se podr\u00eda bloquear el acceso seguro.<\/li>\n<\/ul>\n<p><strong>\ud83c\udf10 JavaScript y cookies<\/strong><\/p>\n<ul>\n<li>Necesitar\u00e1 <strong>JavaScript habilitado<\/strong> para acceder a todas las funciones del sitio; sin \u00e9l, es posible que algunas p\u00e1ginas o herramientas no funcionen correctamente.<\/li>\n<li>Tambi\u00e9n dependemos de las <strong>cookies<\/strong> para mantenerle conectado y seguro; permita las cookies en la configuraci\u00f3n de su navegador.<\/li>\n<\/ul>\n<p><strong>\ud83d\udcc4 Visualizaci\u00f3n de PDF<\/strong><\/p>\n<ul>\n<li>Algunos documentos (por ejemplo, las divulgaciones de pr\u00e9stamos) se proporcionan en <strong>formato PDF<\/strong>. Para una visualizaci\u00f3n \u00f3ptima, aseg\u00farese de tener:<\/li>\n<ul>\n<li>Un <strong>plugin de visor de PDF<\/strong> habilitado en su navegador, o<\/li>\n<li><strong>Adobe Reader<\/strong> (o un visor independiente similar) instalado<\/li>\n<\/ul>\n<\/ul>\n<p><strong>\ud83d\udcf1 Ajustes de pantalla y m\u00f3vil<\/strong><\/p>\n<ul>\n<li>Para una mejor visualizaci\u00f3n en el escritorio, la resoluci\u00f3n de su pantalla debe ser <strong>de al menos 1024 \u00d7 768 p\u00edxeles<\/strong>.<\/li>\n<li>En dispositivos m\u00f3viles, <strong>vea el sitio en orientaci\u00f3n horizontal<\/strong> para una visibilidad de pantalla completa.<\/li>\n<\/ul>\n<p><strong>\ud83e\uddfc Ordenadores compartidos o p\u00fablicos<\/strong><\/p>\n<ul>\n<li>Aseg\u00farese de <strong>cerrar sesi\u00f3n<\/strong> cuando haya terminado, especialmente en dispositivos p\u00fablicos o compartidos, para proteger su cuenta e informaci\u00f3n.<\/li>\n<\/ul>\n<p><strong>\ud83d\udca1 \u00bfNecesita ayuda?<\/strong><\/p>\n<p>Si tiene alg\u00fan problema para acceder al sitio, pruebe con otro navegador compatible (evitando los obsoletos como IE o Netscape). Para obtener m\u00e1s ayuda, p\u00f3ngase en contacto con nosotros en el <strong>888\u2011370\u20113640<\/strong> o a trav\u00e9s de nuestra p\u00e1gina de <strong>Contacto<\/strong>.<\/p>\n<p>&nbsp;<\/p>\n<p>[\/et_pb_text][\/et_pb_column][\/et_pb_row][et_pb_row _builder_version=\u00bb4.16&#8243; global_colors_info=\u00bb{}\u00bb][et_pb_column type=\u00bb4_4&#8243; _builder_version=\u00bb4.16&#8243; custom_padding=\u00bb|||\u00bb global_colors_info=\u00bb{}\u00bb custom_padding__hover=\u00bb|||\u00bb][et_pb_text _builder_version=\u00bb4.16&#8243; _dynamic_attributes=\u00bbcontent\u00bb text_font=\u00bb||||||||\u00bb text_orientation=\u00bbcenter\u00bb global_colors_info=\u00bb{}\u00bb]@ET-DC@eyJkeW5hbWljIjp0cnVlLCJjb250ZW50IjoiY3VycmVudF9kYXRlIiwic2V0dGluZ3MiOnsiYmVmb3JlIjoiXHUwMGE5ICIsImFmdGVyIjoiIENPTk5FQ1QgTG9hbiBTZXJ2aWNpbmcuIFRvZG9zIGxvcyBkZXJlY2hvcyByZXNlcnZhZG9zLiIsImRhdGVfZm9ybWF0IjoiY3VzdG9tIiwiY3VzdG9tX2RhdGVfZm9ybWF0IjoiWSIsImVuYWJsZV9odG1sIjoib2ZmIn19@[\/et_pb_text][\/et_pb_column][\/et_pb_row][\/et_pb_section]<\/p>\n","protected":false},"excerpt":{"rendered":"<p>Requisitos del navegador \ud83d\udd27 Compatibilidad con navegadores y requisitos t\u00e9cnicos Para garantizar una experiencia fluida y segura, utilice uno de los siguientes navegadores actualizados con soporte completo para los est\u00e1ndares web modernos: Google Chrome: versi\u00f3n 112 o posterior Mozilla Firefox: versi\u00f3n 115 o posterior Microsoft Edge: versi\u00f3n 112 o posterior Apple Safari: versi\u00f3n 16 o [&hellip;]<\/p>\n","protected":false},"author":1,"featured_media":0,"parent":0,"menu_order":0,"comment_status":"closed","ping_status":"closed","template":"","meta":{"_et_pb_use_builder":"on","_et_pb_old_content":"","_et_gb_content_width":"","footnotes":""},"class_list":["post-1572","page","type-page","status-publish","hentry"],"_links":{"self":[{"href":"https:\/\/www.connectloanservicing.com\/es\/wp-json\/wp\/v2\/pages\/1572","targetHints":{"allow":["GET"]}}],"collection":[{"href":"https:\/\/www.connectloanservicing.com\/es\/wp-json\/wp\/v2\/pages"}],"about":[{"href":"https:\/\/www.connectloanservicing.com\/es\/wp-json\/wp\/v2\/types\/page"}],"author":[{"embeddable":true,"href":"https:\/\/www.connectloanservicing.com\/es\/wp-json\/wp\/v2\/users\/1"}],"replies":[{"embeddable":true,"href":"https:\/\/www.connectloanservicing.com\/es\/wp-json\/wp\/v2\/comments?post=1572"}],"version-history":[{"count":2,"href":"https:\/\/www.connectloanservicing.com\/es\/wp-json\/wp\/v2\/pages\/1572\/revisions"}],"predecessor-version":[{"id":1575,"href":"https:\/\/www.connectloanservicing.com\/es\/wp-json\/wp\/v2\/pages\/1572\/revisions\/1575"}],"wp:attachment":[{"href":"https:\/\/www.connectloanservicing.com\/es\/wp-json\/wp\/v2\/media?parent=1572"}],"curies":[{"name":"wp","href":"https:\/\/api.w.org\/{rel}","templated":true}]}}