{"id":1560,"date":"2018-02-02T16:09:36","date_gmt":"2018-02-02T16:09:36","guid":{"rendered":"https:\/\/www.connectloanservicing.com\/politica-de-privacidad\/"},"modified":"2025-12-18T14:30:22","modified_gmt":"2025-12-18T14:30:22","slug":"politica-de-privacidad","status":"publish","type":"page","link":"https:\/\/www.connectloanservicing.com\/es\/politica-de-privacidad\/","title":{"rendered":"Pol\u00edtica de privacidad"},"content":{"rendered":"<p>[et_pb_section fb_built=\u00bb1&#8243; _builder_version=\u00bb3.0.47&#8243; custom_padding=\u00bb54px|0px|5px|0px|false|false\u00bb][et_pb_row custom_padding=\u00bb0px|0px|18px|0px\u00bb _builder_version=\u00bb3.0.98&#8243;][et_pb_column type=\u00bb4_4&#8243; _builder_version=\u00bb3.0.98&#8243;][et_pb_text _builder_version=\u00bb3.0.98&#8243;]<\/p>\n<h1 style=\"text-align: center;\"><span style=\"color: #001a91;\">Pol\u00edtica de privacidad y seguridad<\/span><\/h1>\n<p>[\/et_pb_text][\/et_pb_column][\/et_pb_row][et_pb_row custom_padding=\u00bb0px|0px|27px|0px\u00bb _builder_version=\u00bb3.0.47&#8243; background_size=\u00bbinitial\u00bb background_position=\u00bbtop_left\u00bb background_repeat=\u00bbrepeat\u00bb][et_pb_column type=\u00bb4_4&#8243; _builder_version=\u00bb3.0.47&#8243;][et_pb_text _builder_version=\u00bb3.0.98&#8243; background_size=\u00bbinitial\u00bb background_position=\u00bbtop_left\u00bb background_repeat=\u00bbrepeat\u00bb]<\/p>\n<p>CONNECT Loan Servicing ha creado una forma segura y fiable de introducir, ver e imprimir la informaci\u00f3n relacionada con su cuenta. CONNECT Loan Servicing comprende la importancia de proteger su privacidad y se compromete a ello. Con el fin de garantizar que su experiencia en nuestro sitio web siga siendo privada, CONNECT Loan Servicing ha establecido una pol\u00edtica de privacidad para el manejo de la informaci\u00f3n relacionada con su cuenta con nosotros. La pol\u00edtica de privacidad de CONNECT Loan Servicing establece nuestras pr\u00e1cticas para obtener y presentar su informaci\u00f3n privada a trav\u00e9s de nuestro sitio web. Esta pol\u00edtica puede ser actualizada sin previo aviso.    <\/p>\n<p><strong>Protecci\u00f3n de su informaci\u00f3n<\/strong><br \/> Durante el proceso de registro, se le pedir\u00e1 que nos proporcione informaci\u00f3n personal, incluyendo su nombre, direcci\u00f3n de correo electr\u00f3nico y n\u00famero de tel\u00e9fono de casa. CONNECT Loan Servicing utilizar\u00e1 esta informaci\u00f3n para procesar su solicitud de acceso a sus cuentas a trav\u00e9s de la web y para enviarle informaci\u00f3n por correo electr\u00f3nico. <\/p>\n<p><strong>Aviso de la pol\u00edtica de privacidad<\/strong><br \/> La Ley Gramm-Leach-Bliley (GLBA) exige que revelemos a nuestros clientes:<\/p>\n<ul type=\"disc\">\n<li>Los tipos de informaci\u00f3n que recopilamos.<\/li>\n<li>Las categor\u00edas de instituciones y personas con las que se comparte esta informaci\u00f3n.<\/li>\n<li>Nuestras pr\u00e1cticas con respecto al intercambio de informaci\u00f3n sobre antiguos clientes.<\/li>\n<li>C\u00f3mo compartimos la informaci\u00f3n dentro de nuestra empresa.<\/li>\n<\/ul>\n<p>La informaci\u00f3n que recopilamos sobre nuestros clientes se deriva del contrato de pago a plazos y de la solicitud de cr\u00e9dito que se completa cuando un cliente solicita u obtiene financiaci\u00f3n.<\/p>\n<p>Esta informaci\u00f3n pasa a formar parte de su paquete de financiaci\u00f3n y puede transmitirse si el contrato de pago a plazos se vende o se cede para su gesti\u00f3n y\/o cobro. Su historial de pagos puede ser compartido con el originador o el titular posterior de su contrato de pago a plazos, as\u00ed como con determinadas agencias de informaci\u00f3n crediticia como Experian, etc. Adem\u00e1s, una orden judicial o los requisitos reglamentarios pueden exigir que se revele parte o la totalidad de la informaci\u00f3n relativa a su cuenta.  <\/p>\n<p>Obtenemos cierta informaci\u00f3n bancaria sobre usted cuando paga con cheque desde su cuenta bancaria, nos autoriza a deducir los pagos de su cuenta bancaria mediante transferencia electr\u00f3nica de fondos o nos paga con tarjeta de cr\u00e9dito. Aparte de para procesar estas transacciones a trav\u00e9s de nuestros canales bancarios normales, sus n\u00fameros de cuenta bancaria y n\u00fameros de tarjeta de cr\u00e9dito no se proporcionan a nadie que no tenga ya acceso a esta informaci\u00f3n, es decir, su banco y el emisor de su tarjeta de cr\u00e9dito. <\/p>\n<p>Dentro de nuestra organizaci\u00f3n, el acceso a los datos de los clientes est\u00e1 estrictamente restringido mediante la utilizaci\u00f3n de contrase\u00f1as de ordenador e identificaciones de usuario. Los empleados tienen acceso en funci\u00f3n de la necesidad de conocerlos en lo que se refiere a sus responsabilidades laborales y a nuestro objetivo general de operaciones eficientes y productivas. Los documentos originales y fotocopiados se conservan en archivos seguros. El acceso a estos archivos est\u00e1 limitado a aquellos empleados cuyas responsabilidades lo dictan.   <\/p>\n<p>CONNECT Loan Servicing comprende y valora profundamente la posici\u00f3n de confianza en la que ha sido colocado por los proveedores de servicios educativos (nuestros clientes) y sus estudiantes (nuestros clientes). Mucho antes de la promulgaci\u00f3n de la GLBA, fuimos proactivos en la salvaguarda de los datos frente a los r\u00e1pidos avances de los cambios tecnol\u00f3gicos. En el futuro, seguiremos estando a la vanguardia en la seguridad no s\u00f3lo de la privacidad de la informaci\u00f3n de nuestros clientes, sino tambi\u00e9n de su confianza incondicional.  <\/p>\n<p><strong>Seguridad<\/strong><br \/>CONNECT Loan Servicing ha establecido medidas de seguridad en sus sitios web para proteger contra la p\u00e9rdida, el uso indebido o la alteraci\u00f3n de su informaci\u00f3n bajo nuestro control. Hemos puesto en marcha los procedimientos f\u00edsicos, electr\u00f3nicos y de gesti\u00f3n adecuados para salvaguardar y asegurar la informaci\u00f3n que se introduce o se visualiza a trav\u00e9s de este sitio web. El acceso a los datos est\u00e1 limitado a los miembros autorizados del personal de CONNECT Loan Servicing y est\u00e1 a\u00fan m\u00e1s restringido por mecanismos de protecci\u00f3n de contrase\u00f1as. La seguridad web y los procedimientos de seguridad se revisan y actualizan de forma regular. Se accede a toda la informaci\u00f3n financiera en un servidor seguro que encripta la informaci\u00f3n, incluyendo la informaci\u00f3n de su tarjeta de cr\u00e9dito a trav\u00e9s de SSL.    <\/p>\n<p><strong>Contrase\u00f1as<\/strong><\/p>\n<p>Sus cuentas est\u00e1n protegidas por una contrase\u00f1a que usted elige durante el proceso de registro. Su contrase\u00f1a debe tener al menos 5 caracteres y puede contener letras y\/o n\u00fameros. Se recomienda que se incluya al menos un n\u00famero en su contrase\u00f1a. No comparta su contrase\u00f1a con nadie m\u00e1s. Es su responsabilidad mantener la confidencialidad de su contrase\u00f1a.    <\/p>\n<p><strong>Cambio de contrase\u00f1a<\/strong><\/p>\n<p>Puede cambiar su contrase\u00f1a en cualquier momento seleccionando la opci\u00f3n Cambiar contrase\u00f1a.<\/p>\n<p><strong>Enlaces a otros sitios web<\/strong><\/p>\n<p>Este sitio puede contener enlaces a otros sitios web. CONNECT Loan Servicing no es responsable de las pr\u00e1cticas de privacidad o el contenido de dichos sitios web. Es su responsabilidad familiarizarse con la privacidad de cada sitio web y otras pol\u00edticas. Si tiene alg\u00fan problema o inquietud, p\u00f3ngase en contacto directamente con los administradores del sitio web de dichos sitios web.   <\/p>\n<p><strong>Cookies<\/strong><\/p>\n<p>Este sitio no utiliza actualmente \u00abCookies\u00bb. Este sitio nunca guardar\u00e1 informaci\u00f3n privada como su contrase\u00f1a, n\u00famero de tarjeta de cr\u00e9dito o n\u00famero de cuenta bancaria en las cookies. <\/p>\n<p><strong>Contacto con el sitio web<\/strong><\/p>\n<p>Si tiene alguna pregunta sobre esta declaraci\u00f3n de privacidad, las pr\u00e1cticas de este sitio o su trato con este sitio, puede <span style=\"text-decoration: underline; color: #00269b;\">ponerse en contacto con nosotros<\/span>.<\/p>\n<p>[\/et_pb_text][\/et_pb_column][\/et_pb_row][et_pb_row _builder_version=\u00bb3.19.4&#8243;][et_pb_column type=\u00bb4_4&#8243; _builder_version=\u00bb3.19.4&#8243;][et_pb_text _builder_version=\u00bb3.21.1&#8243; _dynamic_attributes=\u00bbcontent\u00bb text_font=\u00bb||||||||\u00bb text_orientation=\u00bbcenter\u00bb]@ET-DC@eyJkeW5hbWljIjp0cnVlLCJjb250ZW50IjoiY3VycmVudF9kYXRlIiwic2V0dGluZ3MiOnsiYmVmb3JlIjoiXHUwMGE5ICIsImFmdGVyIjoiIENPTk5FQ1QgTG9hbiBTZXJ2aWNpbmcuIFRvZG9zIGxvcyBkZXJlY2hvcyByZXNlcnZhZG9zLiIsImRhdGVfZm9ybWF0IjoiY3VzdG9tIiwiY3VzdG9tX2RhdGVfZm9ybWF0IjoiWSIsImVuYWJsZV9odG1sIjoib2ZmIn19@[\/et_pb_text][\/et_pb_column][\/et_pb_row][\/et_pb_section]<\/p>\n","protected":false},"excerpt":{"rendered":"<p>Pol\u00edtica de privacidad y seguridadCONNECT Loan Servicing ha creado una forma segura y fiable de introducir, ver e imprimir la informaci\u00f3n relacionada con su cuenta. CONNECT Loan Servicing comprende la importancia de proteger su privacidad y se compromete a ello. Con el fin de garantizar que su experiencia en nuestro sitio web siga siendo privada, [&hellip;]<\/p>\n","protected":false},"author":1,"featured_media":0,"parent":0,"menu_order":0,"comment_status":"closed","ping_status":"closed","template":"","meta":{"_et_pb_use_builder":"on","_et_pb_old_content":"","_et_gb_content_width":"","footnotes":""},"class_list":["post-1560","page","type-page","status-publish","hentry"],"_links":{"self":[{"href":"https:\/\/www.connectloanservicing.com\/es\/wp-json\/wp\/v2\/pages\/1560","targetHints":{"allow":["GET"]}}],"collection":[{"href":"https:\/\/www.connectloanservicing.com\/es\/wp-json\/wp\/v2\/pages"}],"about":[{"href":"https:\/\/www.connectloanservicing.com\/es\/wp-json\/wp\/v2\/types\/page"}],"author":[{"embeddable":true,"href":"https:\/\/www.connectloanservicing.com\/es\/wp-json\/wp\/v2\/users\/1"}],"replies":[{"embeddable":true,"href":"https:\/\/www.connectloanservicing.com\/es\/wp-json\/wp\/v2\/comments?post=1560"}],"version-history":[{"count":2,"href":"https:\/\/www.connectloanservicing.com\/es\/wp-json\/wp\/v2\/pages\/1560\/revisions"}],"predecessor-version":[{"id":1563,"href":"https:\/\/www.connectloanservicing.com\/es\/wp-json\/wp\/v2\/pages\/1560\/revisions\/1563"}],"wp:attachment":[{"href":"https:\/\/www.connectloanservicing.com\/es\/wp-json\/wp\/v2\/media?parent=1560"}],"curies":[{"name":"wp","href":"https:\/\/api.w.org\/{rel}","templated":true}]}}