{"id":1549,"date":"2019-11-06T08:49:01","date_gmt":"2019-11-06T08:49:01","guid":{"rendered":"https:\/\/www.connectloanservicing.com\/contacta-con-nosotros\/"},"modified":"2025-12-19T15:28:12","modified_gmt":"2025-12-19T15:28:12","slug":"contacta-con-nosotros","status":"publish","type":"page","link":"https:\/\/www.connectloanservicing.com\/es\/contacta-con-nosotros\/","title":{"rendered":"Contacta con nosotros"},"content":{"rendered":"<p>[et_pb_section fb_built=\u00bb1&#8243; fullwidth=\u00bbon\u00bb _builder_version=\u00bb4.27.4&#8243; _module_preset=\u00bbdefault\u00bb custom_margin=\u00bb-70px||||false|false\u00bb custom_padding=\u00bb0px||||false|false\u00bb global_colors_info=\u00bb{}\u00bb][et_pb_fullwidth_header _builder_version=\u00bb4.27.4&#8243; _module_preset=\u00bbdefault\u00bb background_image=\u00bbhttps:\/\/www.connectloanservicing.com\/wp-content\/uploads\/2025\/11\/Opt_Contact.png\u00bb min_height=\u00bb877px\u00bb global_colors_info=\u00bb{}\u00bb][\/et_pb_fullwidth_header][\/et_pb_section][et_pb_section fb_built=\u00bb1&#8243; admin_label=\u00bbsection\u00bb _builder_version=\u00bb4.27.4&#8243; background_enable_image=\u00bboff\u00bb parallax=\u00bbon\u00bb parallax_method=\u00bboff\u00bb min_height=\u00bb100px\u00bb height=\u00bb100px\u00bb max_height=\u00bb687px\u00bb custom_margin=\u00bb-75px|||||\u00bb custom_margin_tablet=\u00bb-75px|||||\u00bb custom_margin_phone=\u00bb-75px|||||\u00bb custom_margin_last_edited=\u00bbon|phone\u00bb custom_padding=\u00bb20px|0px|300px|0px|false|false\u00bb global_colors_info=\u00bb{}\u00bb][et_pb_row admin_label=\u00bbrow\u00bb _builder_version=\u00bb4.16&#8243; background_size=\u00bbinitial\u00bb background_position=\u00bbtop_left\u00bb background_repeat=\u00bbrepeat\u00bb custom_padding=\u00bb0px|0px|3px|0px\u00bb global_colors_info=\u00bb{}\u00bb][et_pb_column type=\u00bb4_4&#8243; _builder_version=\u00bb4.16&#8243; custom_padding=\u00bb|||\u00bb global_colors_info=\u00bb{}\u00bb custom_padding__hover=\u00bb|||\u00bb][et_pb_text admin_label=\u00bbText\u00bb _builder_version=\u00bb4.27.4&#8243; background_size=\u00bbinitial\u00bb background_position=\u00bbtop_left\u00bb background_repeat=\u00bbrepeat\u00bb global_colors_info=\u00bb{}\u00bb]<\/p>\n<h1 style=\"text-align: center;\"><span style=\"color: #000000;\">Contacta con nosotros<\/span><\/h1>\n<p>[\/et_pb_text][\/et_pb_column][\/et_pb_row][et_pb_row _builder_version=\u00bb4.16&#8243; global_colors_info=\u00bb{}\u00bb][et_pb_column type=\u00bb4_4&#8243; _builder_version=\u00bb4.16&#8243; custom_padding=\u00bb|||\u00bb global_colors_info=\u00bb{}\u00bb custom_padding__hover=\u00bb|||\u00bb][et_pb_text _builder_version=\u00bb4.16&#8243; global_colors_info=\u00bb{}\u00bb]\n<div class=\"wpcf7 no-js\" id=\"wpcf7-f1580-o1\" lang=\"es-ES\" dir=\"ltr\" data-wpcf7-id=\"1580\">\n<div class=\"screen-reader-response\"><p role=\"status\" aria-live=\"polite\" aria-atomic=\"true\"><\/p> <ul><\/ul><\/div>\n<form action=\"\/es\/wp-json\/wp\/v2\/pages\/1549#wpcf7-f1580-o1\" method=\"post\" class=\"wpcf7-form init\" aria-label=\"Formulario de contacto\" novalidate=\"novalidate\" data-status=\"init\">\n<fieldset class=\"hidden-fields-container\"><input type=\"hidden\" name=\"_wpcf7\" value=\"1580\" \/><input type=\"hidden\" name=\"_wpcf7_version\" value=\"6.1.5\" \/><input type=\"hidden\" name=\"_wpcf7_locale\" value=\"es_ES\" \/><input type=\"hidden\" name=\"_wpcf7_unit_tag\" value=\"wpcf7-f1580-o1\" \/><input type=\"hidden\" name=\"_wpcf7_container_post\" value=\"0\" \/><input type=\"hidden\" name=\"_wpcf7_posted_data_hash\" value=\"\" \/>\n<\/fieldset>\n<div class=\"contact-form\">\n\t<div class=\"form-filed\">\n\t\t<p><strong>Seleccione una opci\u00f3n: <\/strong>\n\t\t<\/p>\n\t<\/div>\n\t<div class=\"form-filed\">\n\t\t<p><span class=\"wpcf7-form-control-wrap\" data-name=\"whois\"><span class=\"wpcf7-form-control wpcf7-radio\"><span class=\"wpcf7-list-item first\"><label><input type=\"radio\" name=\"whois\" value=\"Soy un prestatario.\" checked=\"checked\" \/><span class=\"wpcf7-list-item-label\">Soy un prestatario.<\/span><\/label><\/span><span class=\"wpcf7-list-item\"><label><input type=\"radio\" name=\"whois\" value=\"Soy titular\/cliente de un pr\u00e9stamo.\" \/><span class=\"wpcf7-list-item-label\">Soy titular\/cliente de un pr\u00e9stamo.<\/span><\/label><\/span><span class=\"wpcf7-list-item last\"><label><input type=\"radio\" name=\"whois\" value=\"Otro: Me gustar\u00eda obtener m\u00e1s informaci\u00f3n sobre CONNECT.\" \/><span class=\"wpcf7-list-item-label\">Otro: Me gustar\u00eda obtener m\u00e1s informaci\u00f3n sobre CONNECT.<\/span><\/label><\/span><\/span><\/span>\n\t\t<\/p>\n\t<\/div>\n\t<div class=\"form-filed form-cols \">\n\t\t<div class=\"col-one\">\n\t\t\t<p><span class=\"wpcf7-form-control-wrap\" data-name=\"fullname\"><input size=\"40\" maxlength=\"400\" class=\"wpcf7-form-control wpcf7-text wpcf7-validates-as-required\" aria-required=\"true\" aria-invalid=\"false\" placeholder=\"Nombre\" value=\"\" type=\"text\" name=\"fullname\" \/><\/span>\n\t\t\t<\/p>\n\t\t<\/div>\n\t\t<div class=\"col-two\">\n\t\t\t<p><span class=\"wpcf7-form-control-wrap\" data-name=\"email\"><input size=\"40\" maxlength=\"400\" class=\"wpcf7-form-control wpcf7-email wpcf7-validates-as-required wpcf7-text wpcf7-validates-as-email\" aria-required=\"true\" aria-invalid=\"false\" placeholder=\"Direcci\u00f3n de correo electr\u00f3nico\" value=\"\" type=\"email\" name=\"email\" \/><\/span>\n\t\t\t<\/p>\n\t\t<\/div>\n\t<\/div>\n\t<div class=\"form-filed form-cols \">\n\t\t<div class=\"col-one\">\n\t\t\t<p><span class=\"wpcf7-form-control-wrap\" data-name=\"phone\"><input size=\"40\" maxlength=\"400\" class=\"wpcf7-form-control wpcf7-tel wpcf7-validates-as-required wpcf7-text wpcf7-validates-as-tel\" aria-required=\"true\" aria-invalid=\"false\" placeholder=\"Tel\u00e9fono (solo n\u00fameros, incluido el c\u00f3digo de \u00e1rea)\" value=\"\" type=\"tel\" name=\"phone\" \/><\/span>\n\t\t\t<\/p>\n\t\t<\/div>\n\t\t<div class=\"col-two\">\n\t\t<\/div>\n\t<\/div>\n\t<div class=\"form-filed\">\n\t\t<p><span class=\"wpcf7-form-control-wrap\" data-name=\"message\"><textarea cols=\"40\" rows=\"10\" maxlength=\"2000\" class=\"wpcf7-form-control wpcf7-textarea wpcf7-validates-as-required\" aria-required=\"true\" aria-invalid=\"false\" placeholder=\"Mensaje\" name=\"message\"><\/textarea><\/span>\n\t\t<\/p>\n\t<\/div>\n\t<div class=\"form-filed mathcaptcha \">\n\t\t<p> <span class=\"wpcf7-form-control-wrap mathcaptcha-675\">9 + 1 = <input size=\"2\" maxlength=\"2\" class=\"wpcf7-form-control wpcf7-mathcaptcha\" aria-required=\"true\" type=\"text\" name=\"mathcaptcha-675\" value=\"\" \/><\/span><input type=\"hidden\" value=\"0\" name=\"mathcaptcha-675-sn\" \/><input class=\"wpcf7-form-control wpcf7-submit has-spinner\" type=\"submit\" value=\"Enviar\" \/>\n\t\t<\/p>\n\t<\/div>\n<\/div>\n<style>\n.contact-form {\n font-size: 14px;\n line-height: 1.3;\n}\n.contact-form strong {\n font-weight: 600;\n}\n.contact-form input[type=text], .contact-form input[type=email], .contact-form input[type=tel], .contact-form textarea {\n width: 100%;\n min-height: 38px;\n box-sizing: border-box;\n border-radius: 0px;\n -webkit-box-sizing: border-box;\n -moz-box-sizing: border-box;\n border-style: solid;\n border-color: #333;\n font-size: 14px;\n color: #999;\n background-color: #eee;\n padding: 16px;\n line-height: 1.3;\n}\n.contact-form textarea {\nheight: 150px;\n}\n.contact-form .mathcaptcha input{\n width:auto;\n border:0px;\n margin-left: 10px;\n}\n.contact-form input[type=submit] {\n position: relative;\n padding: .3em 1em;\n border: 2px solid;\n -webkit-border-radius: 3px;\n -moz-border-radius: 3px;\n border-radius: 3px;\n background-color: transparent;\n background-repeat: no-repeat;\n background-position: center;\n background-size: cover;\n font-size: 20px;\n font-weight: 500;\n line-height: 1.7em!important;\n -webkit-transition: all .2s;\n -moz-transition: all .2s;\n transition: all .2s;\n min-width: 215px;\n color: #2ea3f2;\n}\n.contact-form .form-filed {\n padding:10px 0px;\n width: 100%;\n}\n.contact-form .w60 {\n width: 60%;\n}\n.contact-form .form-cols {\n display: flex;\n flex-direction: row;\n padding-bottom:0px;\n}\n.contact-form .col-one {\n width: 49%;\n margin-right: 1%;\n}\n.contact-form .col-two {\n width: 49%;\n margin-left:1%;\n} \n.contact-form .text-red {\n color: #ff0000;\n font-weight: 400;\n}\n.contact-form .wpcf7-list-item{\n display:block;\n margin-bottom: 5px;\n margin-left:0px\n}\n.contact-form .wpcf7-not-valid-tip {\n display: block;\n color: red;\n font-size: 12px;\n}\n.contact-form input.wpcf7-not-valid,.contact-form textarea.wpcf7-not-valid{\n border: 1px solid red;\n}\n.contact-form .mathcaptcha {\n position:relative;\n}\n.contact-form .mathcaptcha{\n display:flex;\n justify-content: flex-end;\n align-items: center;\n}\n.contact-form .mathcaptcha .wpcf7-form-control-wrap {\n display:block;\n}\n@media only screen and (max-width: 600px) {\n .contact-form .w60 {\n width: 100%; \n }\n .contact-form .form-cols {\n flex-direction: column;\n }\n .contact-form .col-one, .contact-form .col-two {\n width: 100%; \n margin: 5px 0px;\n }\n .contact-form .mathcaptcha {\n flex-direction: column;\n }\n .contact-form .mathcaptcha, .contact-form .mathcaptcha .wpcf7-form-control-wrap {\n margin-bottom:10px\n }\n .contact-form .mathcaptcha .wpcf7-form-control-wrap{\n display:block;\n text-align: center;\n }\n}\n<\/style><div class=\"wpcf7-response-output\" aria-hidden=\"true\"><\/div>\n<\/form>\n<\/div>\n[\/et_pb_text][\/et_pb_column][\/et_pb_row][et_pb_row column_structure=\u00bb1_2,1_2&#8243; _builder_version=\u00bb4.27.4&#8243; _module_preset=\u00bbdefault\u00bb custom_padding=\u00bb18px|||||\u00bb global_colors_info=\u00bb{}\u00bb][et_pb_column type=\u00bb1_2&#8243; _builder_version=\u00bb4.27.4&#8243; _module_preset=\u00bbdefault\u00bb global_colors_info=\u00bb{}\u00bb][et_pb_text _builder_version=\u00bb4.27.4&#8243; _module_preset=\u00bbdefault\u00bb global_colors_info=\u00bb{}\u00bb]<\/p>\n<h4>CONNECT Loan Servicing<br \/>5 Eves Drive, Suite 101<br \/>Marlton, NJ 08053<\/h4>\n<p>[\/et_pb_text][\/et_pb_column][et_pb_column type=\u00bb1_2&#8243; _builder_version=\u00bb4.27.4&#8243; _module_preset=\u00bbdefault\u00bb global_colors_info=\u00bb{}\u00bb][et_pb_text _builder_version=\u00bb4.27.4&#8243; _module_preset=\u00bbdefault\u00bb global_colors_info=\u00bb{}\u00bb]<\/p>\n<h3 style=\"text-align: left;\"><strong>888-370-3640<\/strong><\/h3>\n<p>[\/et_pb_text][\/et_pb_column][\/et_pb_row][et_pb_row column_structure=\u00bb1_3,1_3,1_3&#8243; _builder_version=\u00bb4.27.4&#8243; _module_preset=\u00bbdefault\u00bb max_width=\u00bb597px\u00bb global_colors_info=\u00bb{}\u00bb][et_pb_column type=\u00bb1_3&#8243; _builder_version=\u00bb4.27.4&#8243; _module_preset=\u00bbdefault\u00bb global_colors_info=\u00bb{}\u00bb][et_pb_text _builder_version=\u00bb4.27.4&#8243; _module_preset=\u00bbdefault\u00bb hover_enabled=\u00bb0&#8243; global_colors_info=\u00bb{}\u00bb sticky_enabled=\u00bb0&#8243;]<\/p>\n<p><a href=\"https:\/\/www.connectloanservicing.com\/terms-conditions\/\" target=\"_blank\" rel=\"noopener\"><span style=\"text-decoration: underline;\"><span style=\"color: #0000ff; text-decoration: underline;\"><span style=\"color: #000080; text-decoration: underline;\">T\u00e9rminos y condiciones<\/span><\/span><\/span><\/a><\/p>\n<p>[\/et_pb_text][\/et_pb_column][et_pb_column type=\u00bb1_3&#8243; _builder_version=\u00bb4.27.4&#8243; _module_preset=\u00bbdefault\u00bb global_colors_info=\u00bb{}\u00bb][et_pb_text _builder_version=\u00bb4.27.4&#8243; _module_preset=\u00bbdefault\u00bb link_option_url=\u00bbhttps:\/\/www.connectloanservicing.com\/browser-requirements\/\u00bb link_option_url_new_window=\u00bbon\u00bb hover_enabled=\u00bb0&#8243; global_colors_info=\u00bb{}\u00bb sticky_enabled=\u00bb0&#8243;]<\/p>\n<p style=\"text-align: center;\"><span style=\"text-decoration: underline; color: #000080;\"><span>Requisitos del navegador<\/span><\/span><\/p>\n<p>[\/et_pb_text][\/et_pb_column][et_pb_column type=\u00bb1_3&#8243; _builder_version=\u00bb4.27.4&#8243; _module_preset=\u00bbdefault\u00bb global_colors_info=\u00bb{}\u00bb][et_pb_text _builder_version=\u00bb4.27.4&#8243; _module_preset=\u00bbdefault\u00bb link_option_url=\u00bbhttps:\/\/www.connectloanservicing.com\/privacy-policy\/\u00bb link_option_url_new_window=\u00bbon\u00bb hover_enabled=\u00bb0&#8243; global_colors_info=\u00bb{}\u00bb sticky_enabled=\u00bb0&#8243;]<\/p>\n<p style=\"text-align: center;\"><span style=\"text-decoration: underline; color: #000080;\"><span>Pol\u00edtica de privacidad<\/span><\/span><\/p>\n<p>[\/et_pb_text][\/et_pb_column][\/et_pb_row][\/et_pb_section][et_pb_section fb_built=\u00bb1&#8243; _builder_version=\u00bb4.16&#8243; custom_padding=\u00bb0px|0px|21px|0px|false|false\u00bb global_colors_info=\u00bb{}\u00bb][et_pb_row _builder_version=\u00bb4.16&#8243; custom_padding=\u00bb24px|0px|0|0px|false|false\u00bb global_colors_info=\u00bb{}\u00bb][et_pb_column type=\u00bb4_4&#8243; _builder_version=\u00bb4.16&#8243; custom_padding=\u00bb|||\u00bb global_colors_info=\u00bb{}\u00bb custom_padding__hover=\u00bb|||\u00bb][et_pb_text _builder_version=\u00bb4.16&#8243; _dynamic_attributes=\u00bbcontent\u00bb text_font=\u00bb||||||||\u00bb text_orientation=\u00bbcenter\u00bb global_colors_info=\u00bb{}\u00bb]@ET-DC@eyJkeW5hbWljIjp0cnVlLCJjb250ZW50IjoiY3VycmVudF9kYXRlIiwic2V0dGluZ3MiOnsiYmVmb3JlIjoiXHUwMGE5ICIsImFmdGVyIjoiIENPTk5FQ1QgTG9hbiBTZXJ2aWNpbmcuIFRvZG9zIGxvcyBkZXJlY2hvcyByZXNlcnZhZG9zLiIsImRhdGVfZm9ybWF0IjoiY3VzdG9tIiwiY3VzdG9tX2RhdGVfZm9ybWF0IjoiWSIsImVuYWJsZV9odG1sIjoib2ZmIn19@[\/et_pb_text][\/et_pb_column][\/et_pb_row][\/et_pb_section]<\/p>\n","protected":false},"excerpt":{"rendered":"<p>Contacta con nosotros\n<div class=\"wpcf7 no-js\" id=\"wpcf7-f1580-o2\" lang=\"es-ES\" dir=\"ltr\" data-wpcf7-id=\"1580\">\n<div class=\"screen-reader-response\"><p role=\"status\" aria-live=\"polite\" aria-atomic=\"true\"><\/p> <ul><\/ul><\/div>\n<form action=\"\/es\/wp-json\/wp\/v2\/pages\/1549#wpcf7-f1580-o2\" method=\"post\" class=\"wpcf7-form init\" aria-label=\"Formulario de contacto\" novalidate=\"novalidate\" data-status=\"init\">\n<fieldset class=\"hidden-fields-container\"><input type=\"hidden\" name=\"_wpcf7\" value=\"1580\" \/><input type=\"hidden\" name=\"_wpcf7_version\" value=\"6.1.5\" \/><input type=\"hidden\" name=\"_wpcf7_locale\" value=\"es_ES\" \/><input type=\"hidden\" name=\"_wpcf7_unit_tag\" value=\"wpcf7-f1580-o2\" \/><input type=\"hidden\" name=\"_wpcf7_container_post\" value=\"0\" \/><input type=\"hidden\" name=\"_wpcf7_posted_data_hash\" value=\"\" \/>\n<\/fieldset>\n<div class=\"contact-form\">\n\t<div class=\"form-filed\">\n\t\t<p><strong>Seleccione una opci\u00f3n: <\/strong>\n\t\t<\/p>\n\t<\/div>\n\t<div class=\"form-filed\">\n\t\t<p><span class=\"wpcf7-form-control-wrap\" data-name=\"whois\"><span class=\"wpcf7-form-control wpcf7-radio\"><span class=\"wpcf7-list-item first\"><label><input type=\"radio\" name=\"whois\" value=\"Soy un prestatario.\" checked=\"checked\" \/><span class=\"wpcf7-list-item-label\">Soy un prestatario.<\/span><\/label><\/span><span class=\"wpcf7-list-item\"><label><input type=\"radio\" name=\"whois\" value=\"Soy titular\/cliente de un pr\u00e9stamo.\" \/><span class=\"wpcf7-list-item-label\">Soy titular\/cliente de un pr\u00e9stamo.<\/span><\/label><\/span><span class=\"wpcf7-list-item last\"><label><input type=\"radio\" name=\"whois\" value=\"Otro: Me gustar\u00eda obtener m\u00e1s informaci\u00f3n sobre CONNECT.\" \/><span class=\"wpcf7-list-item-label\">Otro: Me gustar\u00eda obtener m\u00e1s informaci\u00f3n sobre CONNECT.<\/span><\/label><\/span><\/span><\/span>\n\t\t<\/p>\n\t<\/div>\n\t<div class=\"form-filed form-cols \">\n\t\t<div class=\"col-one\">\n\t\t\t<p><span class=\"wpcf7-form-control-wrap\" data-name=\"fullname\"><input size=\"40\" maxlength=\"400\" class=\"wpcf7-form-control wpcf7-text wpcf7-validates-as-required\" aria-required=\"true\" aria-invalid=\"false\" placeholder=\"Nombre\" value=\"\" type=\"text\" name=\"fullname\" \/><\/span>\n\t\t\t<\/p>\n\t\t<\/div>\n\t\t<div class=\"col-two\">\n\t\t\t<p><span class=\"wpcf7-form-control-wrap\" data-name=\"email\"><input size=\"40\" maxlength=\"400\" class=\"wpcf7-form-control wpcf7-email wpcf7-validates-as-required wpcf7-text wpcf7-validates-as-email\" aria-required=\"true\" aria-invalid=\"false\" placeholder=\"Direcci\u00f3n de correo electr\u00f3nico\" value=\"\" type=\"email\" name=\"email\" \/><\/span>\n\t\t\t<\/p>\n\t\t<\/div>\n\t<\/div>\n\t<div class=\"form-filed form-cols \">\n\t\t<div class=\"col-one\">\n\t\t\t<p><span class=\"wpcf7-form-control-wrap\" data-name=\"phone\"><input size=\"40\" maxlength=\"400\" class=\"wpcf7-form-control wpcf7-tel wpcf7-validates-as-required wpcf7-text wpcf7-validates-as-tel\" aria-required=\"true\" aria-invalid=\"false\" placeholder=\"Tel\u00e9fono (solo n\u00fameros, incluido el c\u00f3digo de \u00e1rea)\" value=\"\" type=\"tel\" name=\"phone\" \/><\/span>\n\t\t\t<\/p>\n\t\t<\/div>\n\t\t<div class=\"col-two\">\n\t\t<\/div>\n\t<\/div>\n\t<div class=\"form-filed\">\n\t\t<p><span class=\"wpcf7-form-control-wrap\" data-name=\"message\"><textarea cols=\"40\" rows=\"10\" maxlength=\"2000\" class=\"wpcf7-form-control wpcf7-textarea wpcf7-validates-as-required\" aria-required=\"true\" aria-invalid=\"false\" placeholder=\"Mensaje\" name=\"message\"><\/textarea><\/span>\n\t\t<\/p>\n\t<\/div>\n\t<div class=\"form-filed mathcaptcha \">\n\t\t<p> <span class=\"wpcf7-form-control-wrap mathcaptcha-675\">49 + <input size=\"2\" maxlength=\"2\" class=\"wpcf7-form-control wpcf7-mathcaptcha\" aria-required=\"true\" type=\"text\" name=\"mathcaptcha-675\" value=\"\" \/> = &#x35;&#x38;<\/span><input type=\"hidden\" value=\"1\" name=\"mathcaptcha-675-sn\" \/><input class=\"wpcf7-form-control wpcf7-submit has-spinner\" type=\"submit\" value=\"Enviar\" \/>\n\t\t<\/p>\n\t<\/div>\n<\/div>\n<style>\n.contact-form {\n font-size: 14px;\n line-height: 1.3;\n}\n.contact-form strong {\n font-weight: 600;\n}\n.contact-form input[type=text], .contact-form input[type=email], .contact-form input[type=tel], .contact-form textarea {\n width: 100%;\n min-height: 38px;\n box-sizing: border-box;\n border-radius: 0px;\n -webkit-box-sizing: border-box;\n -moz-box-sizing: border-box;\n border-style: solid;\n border-color: #333;\n font-size: 14px;\n color: #999;\n background-color: #eee;\n padding: 16px;\n line-height: 1.3;\n}\n.contact-form textarea {\nheight: 150px;\n}\n.contact-form .mathcaptcha input{\n width:auto;\n border:0px;\n margin-left: 10px;\n}\n.contact-form input[type=submit] {\n position: relative;\n padding: .3em 1em;\n border: 2px solid;\n -webkit-border-radius: 3px;\n -moz-border-radius: 3px;\n border-radius: 3px;\n background-color: transparent;\n background-repeat: no-repeat;\n background-position: center;\n background-size: cover;\n font-size: 20px;\n font-weight: 500;\n line-height: 1.7em!important;\n -webkit-transition: all .2s;\n -moz-transition: all .2s;\n transition: all .2s;\n min-width: 215px;\n color: #2ea3f2;\n}\n.contact-form .form-filed {\n padding:10px 0px;\n width: 100%;\n}\n.contact-form .w60 {\n width: 60%;\n}\n.contact-form .form-cols {\n display: flex;\n flex-direction: row;\n padding-bottom:0px;\n}\n.contact-form .col-one {\n width: 49%;\n margin-right: 1%;\n}\n.contact-form .col-two {\n width: 49%;\n margin-left:1%;\n} \n.contact-form .text-red {\n color: #ff0000;\n font-weight: 400;\n}\n.contact-form .wpcf7-list-item{\n display:block;\n margin-bottom: 5px;\n margin-left:0px\n}\n.contact-form .wpcf7-not-valid-tip {\n display: block;\n color: red;\n font-size: 12px;\n}\n.contact-form input.wpcf7-not-valid,.contact-form textarea.wpcf7-not-valid{\n border: 1px solid red;\n}\n.contact-form .mathcaptcha {\n position:relative;\n}\n.contact-form .mathcaptcha{\n display:flex;\n justify-content: flex-end;\n align-items: center;\n}\n.contact-form .mathcaptcha .wpcf7-form-control-wrap {\n display:block;\n}\n@media only screen and (max-width: 600px) {\n .contact-form .w60 {\n width: 100%; \n }\n .contact-form .form-cols {\n flex-direction: column;\n }\n .contact-form .col-one, .contact-form .col-two {\n width: 100%; \n margin: 5px 0px;\n }\n .contact-form .mathcaptcha {\n flex-direction: column;\n }\n .contact-form .mathcaptcha, .contact-form .mathcaptcha .wpcf7-form-control-wrap {\n margin-bottom:10px\n }\n .contact-form .mathcaptcha .wpcf7-form-control-wrap{\n display:block;\n text-align: center;\n }\n}\n<\/style><div class=\"wpcf7-response-output\" aria-hidden=\"true\"><\/div>\n<\/form>\n<\/div>\nCONNECT Loan Servicing5 Eves Drive, Suite 101Marlton, NJ 08053888-370-3640T\u00e9rminos y condicionesRequisitos del navegadorPol\u00edtica de privacidad<\/p>\n","protected":false},"author":1,"featured_media":0,"parent":0,"menu_order":0,"comment_status":"closed","ping_status":"closed","template":"","meta":{"_et_pb_use_builder":"on","_et_pb_old_content":"","_et_gb_content_width":"","footnotes":""},"class_list":["post-1549","page","type-page","status-publish","hentry"],"_links":{"self":[{"href":"https:\/\/www.connectloanservicing.com\/es\/wp-json\/wp\/v2\/pages\/1549","targetHints":{"allow":["GET"]}}],"collection":[{"href":"https:\/\/www.connectloanservicing.com\/es\/wp-json\/wp\/v2\/pages"}],"about":[{"href":"https:\/\/www.connectloanservicing.com\/es\/wp-json\/wp\/v2\/types\/page"}],"author":[{"embeddable":true,"href":"https:\/\/www.connectloanservicing.com\/es\/wp-json\/wp\/v2\/users\/1"}],"replies":[{"embeddable":true,"href":"https:\/\/www.connectloanservicing.com\/es\/wp-json\/wp\/v2\/comments?post=1549"}],"version-history":[{"count":8,"href":"https:\/\/www.connectloanservicing.com\/es\/wp-json\/wp\/v2\/pages\/1549\/revisions"}],"predecessor-version":[{"id":1579,"href":"https:\/\/www.connectloanservicing.com\/es\/wp-json\/wp\/v2\/pages\/1549\/revisions\/1579"}],"wp:attachment":[{"href":"https:\/\/www.connectloanservicing.com\/es\/wp-json\/wp\/v2\/media?parent=1549"}],"curies":[{"name":"wp","href":"https:\/\/api.w.org\/{rel}","templated":true}]}}