{"id":1520,"date":"2018-01-25T20:33:09","date_gmt":"2018-01-25T20:33:09","guid":{"rendered":"https:\/\/www.connectloanservicing.com\/prestatarios\/"},"modified":"2025-12-17T14:08:51","modified_gmt":"2025-12-17T14:08:51","slug":"prestatarios","status":"publish","type":"page","link":"https:\/\/www.connectloanservicing.com\/es\/prestatarios\/","title":{"rendered":"Prestatarios"},"content":{"rendered":"<p>[et_pb_section fb_built=\u00bb1&#8243; fullwidth=\u00bbon\u00bb _builder_version=\u00bb4.27.4&#8243; _module_preset=\u00bbdefault\u00bb min_height=\u00bb560px\u00bb height=\u00bb976px\u00bb max_height=\u00bb704px\u00bb max_height_tablet=\u00bb704px\u00bb max_height_phone=\u00bb704px\u00bb max_height_last_edited=\u00bbon|phone\u00bb custom_margin=\u00bb0px||||false|false\u00bb global_colors_info=\u00bb{}\u00bb][et_pb_fullwidth_image src=\u00bbhttps:\/\/www.connectloanservicing.com\/wp-content\/uploads\/2025\/11\/Opt_Borrower-1.png\u00bb title_text=\u00bbOpt_Borrower\u00bb _builder_version=\u00bb4.27.4&#8243; _module_preset=\u00bbdefault\u00bb min_height=\u00bb1389.7px\u00bb height=\u00bb1000px\u00bb max_height=\u00bb959px\u00bb custom_margin=\u00bb0px||||false|false\u00bb global_colors_info=\u00bb{}\u00bb][\/et_pb_fullwidth_image][\/et_pb_section][et_pb_section fb_built=\u00bb1&#8243; admin_label=\u00bbsection\u00bb _builder_version=\u00bb4.27.4&#8243; background_enable_image=\u00bboff\u00bb parallax=\u00bbon\u00bb parallax_method=\u00bboff\u00bb width=\u00bb100%\u00bb max_width_tablet=\u00bb\u00bb max_width_phone=\u00bb\u00bb max_width_last_edited=\u00bbon|desktop\u00bb custom_margin=\u00bb0px||||false|false\u00bb custom_margin_tablet=\u00bb-650px||||false|false\u00bb custom_margin_phone=\u00bb-830px||||false|false\u00bb custom_margin_last_edited=\u00bbon|phone\u00bb custom_padding=\u00bb0px|0px|11px|0px|false|false\u00bb global_colors_info=\u00bb{}\u00bb][et_pb_row admin_label=\u00bbrow\u00bb _builder_version=\u00bb4.16&#8243; background_size=\u00bbinitial\u00bb background_position=\u00bbtop_left\u00bb background_repeat=\u00bbrepeat\u00bb custom_margin=\u00bb40px|||\u00bb custom_padding=\u00bb11px|0px|0px|0px||\u00bb global_colors_info=\u00bb{}\u00bb][et_pb_column type=\u00bb4_4&#8243; _builder_version=\u00bb4.16&#8243; custom_padding=\u00bb|||\u00bb global_colors_info=\u00bb{}\u00bb custom_padding__hover=\u00bb|||\u00bb][et_pb_text _builder_version=\u00bb4.27.4&#8243; header_text_color=\u00bb#000000&#8243; background_size=\u00bbinitial\u00bb background_position=\u00bbtop_left\u00bb background_repeat=\u00bbrepeat\u00bb global_colors_info=\u00bb{}\u00bb]<\/p>\n<h1 style=\"text-align: center;\"><span style=\"color: #000000;\">Bienvenidos prestatarios<\/span><\/h1>\n<p>[\/et_pb_text][\/et_pb_column][\/et_pb_row][et_pb_row column_structure=\u00bb1_2,1_2&#8243; _builder_version=\u00bb4.27.4&#8243; width=\u00bb36%\u00bb custom_padding=\u00bb8px|0px|6px|0px\u00bb global_colors_info=\u00bb{}\u00bb][et_pb_column type=\u00bb1_2&#8243; _builder_version=\u00bb4.16&#8243; custom_padding=\u00bb|||\u00bb global_colors_info=\u00bb{}\u00bb custom_padding__hover=\u00bb|||\u00bb][et_pb_button button_url=\u00bbhttps:\/\/connectloanservicing.accountvue.com\/\u00bb button_text=\u00bbRealizar un Pago\u00bb button_alignment=\u00bbcenter\u00bb _builder_version=\u00bb4.27.4&#8243; custom_button=\u00bbon\u00bb button_text_size=\u00bb16px\u00bb button_text_color=\u00bb#FFFFFF\u00bb button_bg_color=\u00bb#0C71C3&#8243; button_border_color=\u00bb#0c82cc\u00bb button_border_radius=\u00bb12px\u00bb button_font=\u00bb||||||||\u00bb button_icon=\u00bb&#x35;||divi||400&#8243; custom_margin_tablet=\u00bb\u00bb custom_margin_phone=\u00bb\u00bb custom_margin_last_edited=\u00bbon|desktop\u00bb global_colors_info=\u00bb{}\u00bb button_text_size__hover_enabled=\u00bboff\u00bb button_one_text_size__hover_enabled=\u00bboff\u00bb button_two_text_size__hover_enabled=\u00bboff\u00bb button_text_color__hover_enabled=\u00bboff\u00bb button_one_text_color__hover_enabled=\u00bboff\u00bb button_two_text_color__hover_enabled=\u00bboff\u00bb button_border_width__hover_enabled=\u00bboff\u00bb button_one_border_width__hover_enabled=\u00bboff\u00bb button_two_border_width__hover_enabled=\u00bboff\u00bb button_border_color__hover_enabled=\u00bboff\u00bb button_one_border_color__hover_enabled=\u00bboff\u00bb button_two_border_color__hover_enabled=\u00bboff\u00bb button_border_radius__hover_enabled=\u00bboff\u00bb button_one_border_radius__hover_enabled=\u00bboff\u00bb button_two_border_radius__hover_enabled=\u00bboff\u00bb button_letter_spacing__hover_enabled=\u00bboff\u00bb button_one_letter_spacing__hover_enabled=\u00bboff\u00bb button_two_letter_spacing__hover_enabled=\u00bboff\u00bb button_bg_color__hover_enabled=\u00bboff\u00bb button_one_bg_color__hover_enabled=\u00bboff\u00bb button_two_bg_color__hover_enabled=\u00bboff\u00bb][\/et_pb_button][\/et_pb_column][et_pb_column type=\u00bb1_2&#8243; _builder_version=\u00bb4.16&#8243; custom_padding=\u00bb|||\u00bb global_colors_info=\u00bb{}\u00bb custom_padding__hover=\u00bb|||\u00bb][et_pb_button button_url=\u00bbhttps:\/\/connectloanservicing.accountvue.com\/register\u00bb button_text=\u00bbCrear cuenta\u00bb button_alignment=\u00bbcenter\u00bb _builder_version=\u00bb4.27.4&#8243; _module_preset=\u00bbdefault\u00bb custom_button=\u00bbon\u00bb button_text_size=\u00bb16px\u00bb button_text_color=\u00bb#FFFFFF\u00bb button_bg_color=\u00bb#0C71C3&#8243; button_border_color=\u00bb#FFFFFF\u00bb button_border_radius=\u00bb12px\u00bb global_colors_info=\u00bb{}\u00bb][\/et_pb_button][\/et_pb_column][\/et_pb_row][et_pb_row _builder_version=\u00bb4.16&#8243; min_height=\u00bb77px\u00bb custom_padding=\u00bb0px|0px|4px|0px||\u00bb global_colors_info=\u00bb{}\u00bb][et_pb_column type=\u00bb4_4&#8243; _builder_version=\u00bb4.16&#8243; custom_padding=\u00bb|||\u00bb global_colors_info=\u00bb{}\u00bb custom_padding__hover=\u00bb|||\u00bb][et_pb_text _builder_version=\u00bb4.27.4&#8243; custom_margin=\u00bb10px||||false|false\u00bb global_colors_info=\u00bb{}\u00bb]<\/p>\n<h3 style=\"text-align: center;\"><strong>\u00bfDesea pagar por tel\u00e9fono? Llama al 888-370-3640.<\/strong><\/h3>\n<h4 style=\"text-align: center;\"><strong>Los representantes est\u00e1n disponibles de lunes a viernes de 9 a. m. a 10 p. m., hora del Este de EE. UU.<\/strong><\/h4>\n<p>[\/et_pb_text][\/et_pb_column][\/et_pb_row][et_pb_row _builder_version=\u00bb4.27.4&#8243; background_color=\u00bbRGBA(255,255,255,0)\u00bb custom_padding=\u00bb5px|0px|11px|0px||\u00bb global_colors_info=\u00bb{}\u00bb][et_pb_column type=\u00bb4_4&#8243; _builder_version=\u00bb4.16&#8243; custom_padding=\u00bb|||\u00bb global_colors_info=\u00bb{}\u00bb custom_padding__hover=\u00bb|||\u00bb][et_pb_text _builder_version=\u00bb4.27.4&#8243; text_font=\u00bb||||||||\u00bb custom_margin=\u00bb|||0px\u00bb custom_padding=\u00bb|||\u00bb global_colors_info=\u00bb{}\u00bb]<\/p>\n<h2 style=\"text-align: center;\"><span style=\"color: #000080;\"><strong>Nuestra funci\u00f3n como su proveedor de servicios<\/strong><\/span><\/h2>\n<p>[\/et_pb_text][\/et_pb_column][\/et_pb_row][et_pb_row _builder_version=\u00bb4.27.4&#8243; _module_preset=\u00bbdefault\u00bb custom_margin=\u00bb-9px|auto||auto||\u00bb custom_margin_tablet=\u00bb-9px|auto||auto||\u00bb custom_margin_phone=\u00bb-9px|auto||auto||\u00bb custom_margin_last_edited=\u00bbon|desktop\u00bb custom_padding=\u00bb11px|||||\u00bb global_colors_info=\u00bb{}\u00bb][et_pb_column type=\u00bb4_4&#8243; _builder_version=\u00bb4.27.4&#8243; _module_preset=\u00bbdefault\u00bb global_colors_info=\u00bb{}\u00bb][et_pb_text _builder_version=\u00bb4.27.4&#8243; _module_preset=\u00bbdefault\u00bb max_width=\u00bb81%\u00bb custom_margin=\u00bb|||50px|false|false\u00bb global_colors_info=\u00bb{}\u00bb]<\/p>\n<h5 style=\"text-align: center;\">El acreedor de su pr\u00e9stamo ha elegido a CONNECT Loan Servicing (CLS) como administrador de su pr\u00e9stamo paraayudarle a administrar su cuenta de pr\u00e9stamo despu\u00e9s de su emisi\u00f3n. Nuestra empresa procesa sus pagos, env\u00edaestados de cuenta, mantiene el registro y el saldo de su cuenta, y le ayuda con sus preguntas o inquietudes sobre lacuenta.<\/h5>\n<h5 style=\"text-align: center;\"><span style=\"color: #000080;\">Ya sea que tenga un pr\u00e9stamo para autom\u00f3vil u otro pr\u00e9stamo privado para el consumidor,<br \/>lo ayudamos a que el pago del pr\u00e9stamo sea simple y transparente para que pueda mantenerse al d\u00eda con confianza.<\/span><\/h5>\n<p>[\/et_pb_text][\/et_pb_column][\/et_pb_row][et_pb_row _builder_version=\u00bb4.16&#8243; custom_padding=\u00bb9px|0px|11px|0px\u00bb global_colors_info=\u00bb{}\u00bb][et_pb_column type=\u00bb4_4&#8243; _builder_version=\u00bb4.16&#8243; custom_padding=\u00bb|||\u00bb global_colors_info=\u00bb{}\u00bb custom_padding__hover=\u00bb|||\u00bb][et_pb_text _builder_version=\u00bb4.27.4&#8243; text_font=\u00bb||||||||\u00bb custom_margin=\u00bb|||0px\u00bb custom_padding=\u00bb|||\u00bb global_colors_info=\u00bb{}\u00bb]<\/p>\n<h4 style=\"text-align: center;\"><strong>\u00bfTiene preguntas sobre su cuenta o necesita ayuda para realizar un pago?<\/strong><\/h4>\n<h5 style=\"text-align: center;\"><span style=\"color: #001d77;\"><a href=\"https:\/\/www.connectloanservicing.com\/contact-us\/\">Env\u00edenos un correo electr\u00f3nico<\/a> o ll\u00e1menos al 888-370-3640 para hablar con un representante de servicio alcliente.<\/span><\/h5>\n<p>[\/et_pb_text][\/et_pb_column][\/et_pb_row][et_pb_row _builder_version=\u00bb4.27.4&#8243; _module_preset=\u00bbdefault\u00bb custom_padding=\u00bb||4px|||\u00bb global_colors_info=\u00bb{}\u00bb][et_pb_column type=\u00bb4_4&#8243; _builder_version=\u00bb4.27.4&#8243; _module_preset=\u00bbdefault\u00bb global_colors_info=\u00bb{}\u00bb][et_pb_text _builder_version=\u00bb4.27.4&#8243; _module_preset=\u00bbdefault\u00bb global_colors_info=\u00bb{}\u00bb]<\/p>\n<h2 style=\"text-align: center;\"><strong>Preguntas frecuentes<\/strong><\/h2>\n<p>[\/et_pb_text][\/et_pb_column][\/et_pb_row][et_pb_row use_custom_gutter=\u00bbon\u00bb gutter_width=\u00bb1&#8243; _builder_version=\u00bb4.27.4&#8243; _module_preset=\u00bbdefault\u00bb max_width=\u00bb983px\u00bb min_height=\u00bb1000px\u00bb height=\u00bb1000px\u00bb max_height=\u00bb1000px\u00bb custom_margin=\u00bb|auto|-4px|auto|false|false\u00bb custom_padding=\u00bb0px||0px|||\u00bb global_colors_info=\u00bb{}\u00bb][et_pb_column type=\u00bb4_4&#8243; _builder_version=\u00bb4.27.4&#8243; _module_preset=\u00bbdefault\u00bb global_colors_info=\u00bb{}\u00bb][et_pb_accordion toggle_icon=\u00bb&#x31;||divi||400&#8243; _builder_version=\u00bb4.27.4&#8243; _module_preset=\u00bbdefault\u00bb hover_enabled=\u00bb0&#8243; global_colors_info=\u00bb{}\u00bb sticky_enabled=\u00bb0&#8243;][et_pb_accordion_item title=\u00bb\u00bfC\u00f3mo puedo registrarme para obtener una cuenta en l\u00ednea si a\u00fan no tengo un n\u00famero de Seguro Social?\u00bb open=\u00bbon\u00bb _builder_version=\u00bb4.27.4&#8243; _module_preset=\u00bbdefault\u00bb hover_enabled=\u00bb0&#8243; global_colors_info=\u00bb{}\u00bb sticky_enabled=\u00bb0&#8243;]<\/p>\n<p><i><i>Si no dispone de un n\u00famero de seguro social para registrarse, deber\u00e1 llamar a nuestra oficina al 888-370-3640 para hablar con un representante de atenci\u00f3n al cliente, quien le ayudar\u00e1 con su registro.<\/i><\/i><\/p>\n<p>[\/et_pb_accordion_item][et_pb_accordion_item title=\u00bb\u00bfPor qu\u00e9 no puedo registrarme? Estoy introduciendo la informaci\u00f3n correcta. \u00bb _builder_version=\u00bb4.27.4&#8243; _module_preset=\u00bbdefault\u00bb global_colors_info=\u00bb{}\u00bb open=\u00bboff\u00bb]<\/p>\n<p><i><i>Si tiene problemas para registrarse a pesar de ingresar su informaci\u00f3n correctamente, deber\u00e1 llamar a nuestra oficina al 1-888-370-3640 para hablar con un representante de servicio al cliente que le ayudar\u00e1 con su registro.<\/i><\/i><\/p>\n<p>[\/et_pb_accordion_item][et_pb_accordion_item title=\u00bb\u00bfC\u00f3mo puedo realizar un pago?\u00bb _builder_version=\u00bb4.27.4&#8243; _module_preset=\u00bbdefault\u00bb global_colors_info=\u00bb{}\u00bb open=\u00bboff\u00bb]<\/p>\n<p>Puede realizar un pago <span style=\"text-decoration: underline;\"><span style=\"color: #0000ff; text-decoration: underline;\"><i><i><a href=\"https:\/\/connectloanservicing.accountvue.com\/login\">en l\u00ednea<\/a><\/i><\/i><\/span><\/span> o por tel\u00e9fono utilizando nuestro sistema automatizado de pago telef\u00f3nico (IVR) las 24 horas del d\u00eda, los 7 d\u00edas de la semana, llamando al 888-370-3640.<\/p>\n<p>[\/et_pb_accordion_item][et_pb_accordion_item title=\u00bb\u00bfPuedo realizar el pago con tarjeta de cr\u00e9dito?\u00bb _builder_version=\u00bb4.27.4&#8243; _module_preset=\u00bbdefault\u00bb global_colors_info=\u00bb{}\u00bb open=\u00bboff\u00bb]<\/p>\n<p><i>S\u00ed. Aceptamos Visa, MasterCard, American Express y Discover. Tambi\u00e9n puede pagar con Apple Pay y Google Pay.  <\/i><\/p>\n<p>[\/et_pb_accordion_item][et_pb_accordion_item title=\u00bb\u00bfPuedo realizar un pago con una cuenta bancaria o una tarjeta de d\u00e9bito?\u00bb _builder_version=\u00bb4.27.4&#8243; _module_preset=\u00bbdefault\u00bb global_colors_info=\u00bb{}\u00bb open=\u00bboff\u00bb]<\/p>\n<p>S\u00ed. Aceptamos tarjetas bancarias y pagos directos desde una cuenta corriente o de ahorros. La cuenta de ahorros debe permitir realizar retiros.<\/p>\n<p>[\/et_pb_accordion_item][et_pb_accordion_item title=\u00bb\u00bfC\u00f3mo configuro los pagos autom\u00e1ticos para mi cuenta?\u00bb _builder_version=\u00bb4.27.4&#8243; _module_preset=\u00bbdefault\u00bb global_colors_info=\u00bb{}\u00bb open=\u00bboff\u00bb]<\/p>\n<p>Puede configurar pagos autom\u00e1ticos en l\u00ednea o llamando a nuestra oficina al 888-370-3640 para hablar con un representante de servicio al cliente, utilizando una tarjeta de d\u00e9bito\/cr\u00e9dito o una cuenta corriente\/de ahorros.<\/p>\n<p>[\/et_pb_accordion_item][et_pb_accordion_item title=\u00bb\u00bfCu\u00e1l es el per\u00edodo de gracia para realizar un pago y evitar incurrir en un recargo por pago tard\u00edo?\u00bb _builder_version=\u00bb4.27.4&#8243; _module_preset=\u00bbdefault\u00bb global_colors_info=\u00bb{}\u00bb open=\u00bboff\u00bb]<\/p>\n<p><i>Consulte su contrato para conocer la pol\u00edtica de cargos por pagos atrasados \u200b\u200bde su pr\u00e9stamo. Si tiene alguna pregunta, ll\u00e1menos al 888-370-3640. <\/i><\/p>\n<p>[\/et_pb_accordion_item][et_pb_accordion_item title=\u00bb\u00bfPuedo realizar pagos que se apliquen \u00fanicamente al saldo principal?\u00bb _builder_version=\u00bb4.27.4&#8243; _module_preset=\u00bbdefault\u00bb global_colors_info=\u00bb{}\u00bb open=\u00bboff\u00bb]<\/p>\n<p>S\u00ed. Puede reducir el saldo de su pr\u00e9stamo pagando m\u00e1s de la cuota mensual programada, as\u00ed como aumentando la frecuencia de los pagos. Por ejemplo, realizar pagos semanales o quincenales puede reducir el saldo principal. <\/p>\n<p>[\/et_pb_accordion_item][et_pb_accordion_item title=\u00bbTengo dificultades para mantenerme al d\u00eda con mis pagos. \u00bfQu\u00e9 opciones tengo? \u00bb _builder_version=\u00bb4.27.4&#8243; _module_preset=\u00bbdefault\u00bb global_colors_info=\u00bb{}\u00bb open=\u00bboff\u00bb]<\/p>\n<p>Si est\u00e1 experimentando dificultades financieras, comun\u00edquese con nosotros de inmediato al 888-370-3640 para determinar si tenemos alguna opci\u00f3n disponible para ayudarle.<\/p>\n<p>[\/et_pb_accordion_item][\/et_pb_accordion][et_pb_image src=\u00bbhttps:\/\/www.connectloanservicing.com\/wp-content\/uploads\/2025\/11\/Opt_BorrowerPage_Badge.png\u00bb title_text=\u00bbOpt_BorrowerPage_Badge\u00bb align=\u00bbcenter\u00bb _builder_version=\u00bb4.27.4&#8243; _module_preset=\u00bbdefault\u00bb global_colors_info=\u00bb{}\u00bb][\/et_pb_image][et_pb_text _builder_version=\u00bb4.27.4&#8243; _module_preset=\u00bbdefault\u00bb global_colors_info=\u00bb{}\u00bb]<\/p>\n<h4 style=\"text-align: center;\">Militar activo<\/h4>\n<h5 style=\"text-align: center;\"><a href=\"https:\/\/www.connectloanservicing.com\/active-military\/\" target=\"_blank\" rel=\"noopener\"><span style=\"text-decoration: underline;\"><strong><span style=\"color: #0000ff; text-decoration: underline;\">Obtenga m\u00e1s informaci\u00f3n sobre los beneficios de SCRA.<\/span><\/strong><\/span><\/a><\/h5>\n<p>[\/et_pb_text][\/et_pb_column][\/et_pb_row][et_pb_row column_structure=\u00bb1_3,1_3,1_3&#8243; _builder_version=\u00bb4.27.4&#8243; _module_preset=\u00bbdefault\u00bb width=\u00bb38%\u00bb custom_margin=\u00bb-200px||||false|false\u00bb global_colors_info=\u00bb{}\u00bb][et_pb_column type=\u00bb1_3&#8243; _builder_version=\u00bb4.27.4&#8243; _module_preset=\u00bbdefault\u00bb global_colors_info=\u00bb{}\u00bb][et_pb_text _builder_version=\u00bb4.27.4&#8243; _module_preset=\u00bbdefault\u00bb link_option_url=\u00bbhttps:\/\/www.connectloanservicing.com\/terms-conditions\/\u00bb link_option_url_new_window=\u00bbon\u00bb global_colors_info=\u00bb{}\u00bb]<\/p>\n<p style=\"text-align: center;\"><span style=\"text-decoration: underline;\"><span style=\"color: #000080; text-decoration: underline;\">T\u00e9rminos y condiciones<\/span><\/span><\/p>\n<p>[\/et_pb_text][\/et_pb_column][et_pb_column type=\u00bb1_3&#8243; _builder_version=\u00bb4.27.4&#8243; _module_preset=\u00bbdefault\u00bb global_colors_info=\u00bb{}\u00bb][et_pb_text _builder_version=\u00bb4.27.4&#8243; _module_preset=\u00bbdefault\u00bb global_colors_info=\u00bb{}\u00bb]<\/p>\n<p style=\"text-align: center;\"><a href=\"https:\/\/www.connectloanservicing.com\/browser-requirements\/\" target=\"_blank\" rel=\"noopener\"><span style=\"text-decoration: underline;\"><span style=\"color: #000080; text-decoration: underline;\">Requisitos del navegador<\/span><\/span><\/a><\/p>\n<p>[\/et_pb_text][\/et_pb_column][et_pb_column type=\u00bb1_3&#8243; _builder_version=\u00bb4.27.4&#8243; _module_preset=\u00bbdefault\u00bb global_colors_info=\u00bb{}\u00bb][et_pb_text _builder_version=\u00bb4.27.4&#8243; _module_preset=\u00bbdefault\u00bb global_colors_info=\u00bb{}\u00bb]<\/p>\n<p style=\"text-align: center;\"><a href=\"https:\/\/www.connectloanservicing.com\/privacy-policy\/\" target=\"_blank\" rel=\"noopener\"><span style=\"text-decoration: underline;\"><span style=\"color: #000080; text-decoration: underline;\">Pol\u00edtica de privacidad<\/span><\/span><\/a><\/p>\n<p>[\/et_pb_text][\/et_pb_column][\/et_pb_row][\/et_pb_section][et_pb_section fb_built=\u00bb1&#8243; _builder_version=\u00bb4.16&#8243; custom_padding=\u00bb5px|0px|20px|0px|false|false\u00bb global_colors_info=\u00bb{}\u00bb][et_pb_row _builder_version=\u00bb4.16&#8243; custom_padding=\u00bb0px|0px|0px|0px\u00bb global_colors_info=\u00bb{}\u00bb][et_pb_column type=\u00bb4_4&#8243; _builder_version=\u00bb4.16&#8243; custom_padding=\u00bb|||\u00bb global_colors_info=\u00bb{}\u00bb custom_padding__hover=\u00bb|||\u00bb][et_pb_text _builder_version=\u00bb4.16&#8243; _dynamic_attributes=\u00bbcontent\u00bb text_font=\u00bb||||||||\u00bb text_orientation=\u00bbcenter\u00bb global_colors_info=\u00bb{}\u00bb]@ET-DC@eyJkeW5hbWljIjp0cnVlLCJjb250ZW50IjoiY3VycmVudF9kYXRlIiwic2V0dGluZ3MiOnsiYmVmb3JlIjoiXHUwMGE5ICIsImFmdGVyIjoiIENPTk5FQ1QgTG9hbiBTZXJ2aWNpbmcuIFRvZG9zIGxvcyBkZXJlY2hvcyByZXNlcnZhZG9zLiIsImRhdGVfZm9ybWF0IjoiY3VzdG9tIiwiY3VzdG9tX2RhdGVfZm9ybWF0IjoiWSIsImVuYWJsZV9odG1sIjoib2ZmIn19@[\/et_pb_text][\/et_pb_column][\/et_pb_row][\/et_pb_section]<\/p>\n","protected":false},"excerpt":{"rendered":"<p>Bienvenidos prestatarios\u00bfDesea pagar por tel\u00e9fono? Llama al 888-370-3640. Los representantes est\u00e1n disponibles de lunes a viernes de 9 a. m. a 10 p. m., hora del Este de EE. UU.Nuestra funci\u00f3n como su proveedor de serviciosEl acreedor de su pr\u00e9stamo ha elegido a CONNECT Loan Servicing (CLS) como administrador de su pr\u00e9stamo paraayudarle a administrar [&hellip;]<\/p>\n","protected":false},"author":1,"featured_media":0,"parent":0,"menu_order":0,"comment_status":"closed","ping_status":"closed","template":"","meta":{"_et_pb_use_builder":"on","_et_pb_old_content":"","_et_gb_content_width":"","footnotes":""},"class_list":["post-1520","page","type-page","status-publish","hentry"],"_links":{"self":[{"href":"https:\/\/www.connectloanservicing.com\/es\/wp-json\/wp\/v2\/pages\/1520","targetHints":{"allow":["GET"]}}],"collection":[{"href":"https:\/\/www.connectloanservicing.com\/es\/wp-json\/wp\/v2\/pages"}],"about":[{"href":"https:\/\/www.connectloanservicing.com\/es\/wp-json\/wp\/v2\/types\/page"}],"author":[{"embeddable":true,"href":"https:\/\/www.connectloanservicing.com\/es\/wp-json\/wp\/v2\/users\/1"}],"replies":[{"embeddable":true,"href":"https:\/\/www.connectloanservicing.com\/es\/wp-json\/wp\/v2\/comments?post=1520"}],"version-history":[{"count":20,"href":"https:\/\/www.connectloanservicing.com\/es\/wp-json\/wp\/v2\/pages\/1520\/revisions"}],"predecessor-version":[{"id":1548,"href":"https:\/\/www.connectloanservicing.com\/es\/wp-json\/wp\/v2\/pages\/1520\/revisions\/1548"}],"wp:attachment":[{"href":"https:\/\/www.connectloanservicing.com\/es\/wp-json\/wp\/v2\/media?parent=1520"}],"curies":[{"name":"wp","href":"https:\/\/api.w.org\/{rel}","templated":true}]}}