{"id":1512,"date":"2017-12-13T03:13:41","date_gmt":"2017-12-13T03:13:41","guid":{"rendered":"https:\/\/www.connectloanservicing.com\/inicio\/"},"modified":"2025-12-17T13:21:33","modified_gmt":"2025-12-17T13:21:33","slug":"inicio","status":"publish","type":"page","link":"https:\/\/www.connectloanservicing.com\/es\/","title":{"rendered":"Inicio"},"content":{"rendered":"<p>[et_pb_section fb_built=\u00bb1&#8243; fullwidth=\u00bbon\u00bb _builder_version=\u00bb4.27.4&#8243; _module_preset=\u00bbdefault\u00bb global_colors_info=\u00bb{}\u00bb][et_pb_fullwidth_header title=\u00bbBIENVENIDO\u00bb _builder_version=\u00bb4.27.4&#8243; _module_preset=\u00bbdefault\u00bb title_text_align=\u00bbcenter\u00bb title_font_size=\u00bb45px\u00bb title_line_height=\u00bb10em\u00bb content_font=\u00bb||||||||\u00bb content_font_size=\u00bb39px\u00bb content_line_height=\u00bb2.7em\u00bb background_image=\u00bbhttps:\/\/www.connectloanservicing.com\/wp-content\/uploads\/2025\/11\/Opt_Home1.png\u00bb min_height=\u00bb711px\u00bb min_height_tablet=\u00bb692px\u00bb min_height_phone=\u00bb\u00bb min_height_last_edited=\u00bbon|tablet\u00bb custom_margin=\u00bb-50px||-4px||false|false\u00bb custom_padding=\u00bb75px||0px||false|false\u00bb global_colors_info=\u00bb{}\u00bb][\/et_pb_fullwidth_header][\/et_pb_section][et_pb_section fb_built=\u00bb1&#8243; custom_padding_last_edited=\u00bbon|phone\u00bb _builder_version=\u00bb4.27.4&#8243; background_enable_image=\u00bboff\u00bb width=\u00bb100%\u00bb max_width=\u00bb100%\u00bb min_height=\u00bb365px\u00bb height=\u00bb276px\u00bb height_tablet=\u00bb276px\u00bb height_phone=\u00bb819px\u00bb height_last_edited=\u00bbon|phone\u00bb max_height=\u00bb433px\u00bb custom_margin=\u00bb0px||||false|false\u00bb custom_margin_tablet=\u00bb-177px||||false|false\u00bb custom_margin_phone=\u00bb0px||||false|false\u00bb custom_margin_last_edited=\u00bbon|phone\u00bb custom_padding=\u00bb30px|0px|0px|0px|false|false\u00bb custom_padding_tablet=\u00bb30px|0px|0px|0px|false|false\u00bb custom_padding_phone=\u00bb30px|0px|0px|0px|false|false\u00bb background_last_edited=\u00bbon|tablet\u00bb global_colors_info=\u00bb{}\u00bb][et_pb_row _builder_version=\u00bb4.16&#8243; custom_padding=\u00bb0px|0px|3px|0px\u00bb global_colors_info=\u00bb{}\u00bb][et_pb_column type=\u00bb4_4&#8243; _builder_version=\u00bb4.16&#8243; custom_padding=\u00bb|||\u00bb global_colors_info=\u00bb{}\u00bb custom_padding__hover=\u00bb|||\u00bb][et_pb_text _builder_version=\u00bb4.27.4&#8243; custom_margin=\u00bb-12px|||||\u00bb global_colors_info=\u00bb{}\u00bb]<\/p>\n<h1 style=\"text-align: center;\"><span style=\"font-size: xx-large; color: #000000;\">Bienvenido a CONNECT Loan Servicing<\/span><\/h1>\n<p>[\/et_pb_text][\/et_pb_column][\/et_pb_row][et_pb_row _builder_version=\u00bb4.16&#8243; custom_padding=\u00bb0px|0px|0px|0px\u00bb global_colors_info=\u00bb{}\u00bb][et_pb_column type=\u00bb4_4&#8243; _builder_version=\u00bb4.16&#8243; custom_padding=\u00bb|||\u00bb global_colors_info=\u00bb{}\u00bb custom_padding__hover=\u00bb|||\u00bb][et_pb_text _builder_version=\u00bb4.27.4&#8243; global_colors_info=\u00bb{}\u00bb]<\/p>\n<h4 style=\"text-align: center;\"><span style=\"color: #001d89;\">Proporcionamos un servicio de pr\u00e9stamos conveniente, seguro, responsivo y cort\u00e9s. <\/span><\/h4>\n<p><span style=\"color: #001d89;\"><\/span><\/p>\n<h4 style=\"text-align: center;\"><span style=\"color: #001d89;\"><span style=\"color: #e02b20;\"><strong><\/strong><\/span><\/span><\/h4>\n<p>[\/et_pb_text][\/et_pb_column][\/et_pb_row][et_pb_row column_structure=\u00bb1_2,1_2&#8243; use_custom_gutter=\u00bbon\u00bb gutter_width=\u00bb1&#8243; custom_padding_last_edited=\u00bbon|phone\u00bb _builder_version=\u00bb4.27.4&#8243; width=\u00bb48%\u00bb module_alignment=\u00bbcenter\u00bb custom_padding=\u00bb0px|0px|0px|0px\u00bb custom_padding_tablet=\u00bb\u00bb custom_padding_phone=\u00bb\u00bb global_colors_info=\u00bb{}\u00bb][et_pb_column type=\u00bb1_2&#8243; _builder_version=\u00bb4.16&#8243; custom_padding=\u00bb|||\u00bb global_colors_info=\u00bb{}\u00bb custom_padding__hover=\u00bb|||\u00bb][et_pb_button button_url=\u00bbhttps:\/\/connectloanservicing.accountvue.com\/\u00bb button_text=\u00bbIniciar sesi\u00f3n\u00bb button_alignment=\u00bbcenter\u00bb _builder_version=\u00bb4.27.4&#8243; custom_button=\u00bbon\u00bb button_text_size=\u00bb16px\u00bb button_text_color=\u00bb#FFFFFF\u00bb button_bg_color=\u00bb#0C71C3&#8243; button_border_color=\u00bb#0d88e0&#8243; button_border_radius=\u00bb12px\u00bb button_font=\u00bb||||||||\u00bb button_icon=\u00bb&#x35;||divi||400&#8243; custom_margin_tablet=\u00bb|||0px\u00bb custom_margin_phone=\u00bb|||0px\u00bb custom_margin_last_edited=\u00bbon|phone\u00bb custom_padding=\u00bb|||\u00bb global_colors_info=\u00bb{}\u00bb button_text_size__hover_enabled=\u00bboff\u00bb button_one_text_size__hover_enabled=\u00bboff\u00bb button_two_text_size__hover_enabled=\u00bboff\u00bb button_text_color__hover_enabled=\u00bboff\u00bb button_one_text_color__hover_enabled=\u00bboff\u00bb button_two_text_color__hover_enabled=\u00bboff\u00bb button_border_width__hover_enabled=\u00bboff\u00bb button_one_border_width__hover_enabled=\u00bboff\u00bb button_two_border_width__hover_enabled=\u00bboff\u00bb button_border_color__hover_enabled=\u00bboff\u00bb button_one_border_color__hover_enabled=\u00bboff\u00bb button_two_border_color__hover_enabled=\u00bboff\u00bb button_border_radius__hover_enabled=\u00bboff\u00bb button_one_border_radius__hover_enabled=\u00bboff\u00bb button_two_border_radius__hover_enabled=\u00bboff\u00bb button_letter_spacing__hover_enabled=\u00bboff\u00bb button_one_letter_spacing__hover_enabled=\u00bboff\u00bb button_two_letter_spacing__hover_enabled=\u00bboff\u00bb button_bg_color__hover_enabled=\u00bboff\u00bb button_one_bg_color__hover_enabled=\u00bboff\u00bb button_two_bg_color__hover_enabled=\u00bboff\u00bb]&nbsp;<br \/>\n[\/et_pb_button][\/et_pb_column][et_pb_column type=\u00bb1_2&#8243; _builder_version=\u00bb4.16&#8243; custom_padding=\u00bb|||\u00bb global_colors_info=\u00bb{}\u00bb custom_padding__hover=\u00bb|||\u00bb][et_pb_button button_url=\u00bbhttps:\/\/connectloanservicing.accountvue.com\/register\u00bb button_text=\u00bbCrear cuenta\u00bb button_alignment=\u00bbcenter\u00bb _builder_version=\u00bb4.27.4&#8243; _module_preset=\u00bbdefault\u00bb custom_button=\u00bbon\u00bb button_text_size=\u00bb16px\u00bb button_text_color=\u00bb#FFFFFF\u00bb button_bg_color=\u00bb#0C71C3&#8243; button_border_radius=\u00bb12px\u00bb button_icon=\u00bb&#x35;||divi||400&#8243; global_colors_info=\u00bb{}\u00bb][\/et_pb_button][\/et_pb_column][\/et_pb_row][et_pb_row custom_padding_last_edited=\u00bbon|desktop\u00bb module_class=\u00bb et_pb_row_fullwidth\u00bb _builder_version=\u00bb4.16&#8243; width=\u00bb89%\u00bb width_tablet=\u00bb80%\u00bb width_phone=\u00bb80%\u00bb width_last_edited=\u00bbon|desktop\u00bb max_width=\u00bb89%\u00bb max_width_tablet=\u00bb80%\u00bb max_width_phone=\u00bb80%\u00bb max_width_last_edited=\u00bbon|desktop\u00bb module_alignment=\u00bbcenter\u00bb custom_margin=\u00bb10px|||\u00bb custom_padding=\u00bb0px|0px|11px|0px||\u00bb custom_padding_tablet=\u00bb\u00bb custom_padding_phone=\u00bb\u00bb make_fullwidth=\u00bbon\u00bb global_colors_info=\u00bb{}\u00bb][et_pb_column type=\u00bb4_4&#8243; _builder_version=\u00bb4.16&#8243; custom_padding=\u00bb|||\u00bb global_colors_info=\u00bb{}\u00bb custom_padding__hover=\u00bb|||\u00bb][et_pb_text _builder_version=\u00bb4.27.4&#8243; text_font=\u00bb||||||||\u00bb header_font=\u00bb||||||||\u00bb max_width_phone=\u00bb100%\u00bb max_width_last_edited=\u00bboff|desktop\u00bb custom_margin=\u00bb||19px|0px||\u00bb custom_margin_tablet=\u00bb|||0px\u00bb custom_margin_phone=\u00bb|||0px\u00bb custom_margin_last_edited=\u00bbon|phone\u00bb custom_padding=\u00bb|||\u00bb text_font_size_tablet=\u00bb\u00bb text_font_size_phone=\u00bb15px\u00bb text_font_size_last_edited=\u00bbon|phone\u00bb global_colors_info=\u00bb{}\u00bb]<\/p>\n<h4 style=\"text-align: center;\"><span style=\"color: #000080;\">\u00bfDesea pagar por tel\u00e9fono? Llame al 888-370-3640 para hablar con un representante de atenci\u00f3n al cliente.<\/span><\/h4>\n<p>[\/et_pb_text][et_pb_text _builder_version=\u00bb4.27.4&#8243; text_font=\u00bb||||||||\u00bb header_font=\u00bb||||||||\u00bb width=\u00bb61%\u00bb max_width_phone=\u00bb100%\u00bb max_width_last_edited=\u00bboff|desktop\u00bb module_alignment=\u00bbcenter\u00bb custom_margin=\u00bb|||0px\u00bb custom_margin_tablet=\u00bb|||0px\u00bb custom_margin_phone=\u00bb|||0px\u00bb custom_margin_last_edited=\u00bbon|phone\u00bb custom_padding=\u00bb|||\u00bb text_font_size_tablet=\u00bb\u00bb text_font_size_phone=\u00bb15px\u00bb text_font_size_last_edited=\u00bbon|phone\u00bb global_colors_info=\u00bb{}\u00bb]<\/p>\n<h4 style=\"text-align: center;\"><span style=\"color: #000080;\">CONNECT Loan Servicing ayuda a los prestatarios de pr\u00e9stamos al consumo a gestionar su cuenta de pr\u00e9stamo y a <\/span><span style=\"color: #000080;\">realizar pagos con facilidad y confianza. Le facilitamos el control de su pr\u00e9stamo con <\/span><span style=\"color: #000080;\">una comunicaci\u00f3n clara, herramientas flexibles y un soporte amable, <\/span><span style=\"color: #000080;\">disponible tanto en ingl\u00e9s como en espa\u00f1ol.<\/span><\/h4>\n<p>[\/et_pb_text][\/et_pb_column][\/et_pb_row][et_pb_row column_structure=\u00bb1_3,1_3,1_3&#8243; _builder_version=\u00bb4.27.4&#8243; width=\u00bb89%\u00bb max_width=\u00bb779px\u00bb module_alignment=\u00bbcenter\u00bb custom_padding=\u00bb30px|0px|0px|60px|false|false\u00bb use_custom_width=\u00bbon\u00bb custom_width_px=\u00bb546px\u00bb global_colors_info=\u00bb{}\u00bb][et_pb_column type=\u00bb1_3&#8243; _builder_version=\u00bb4.16&#8243; custom_padding=\u00bb|||\u00bb global_colors_info=\u00bb{}\u00bb custom_padding__hover=\u00bb|||\u00bb][et_pb_text _builder_version=\u00bb4.27.4&#8243; global_colors_info=\u00bb{}\u00bb]<\/p>\n<p style=\"text-align: left;\"><a href=\"terms-conditions\/\" target=\"_blank\" rel=\"noopener noreferrer\"><span style=\"text-decoration: underline;\"><span style=\"color: #002899; text-decoration: underline;\">T\u00e9rminos y condiciones<\/span><\/span><\/a><\/p>\n<p>[\/et_pb_text][\/et_pb_column][et_pb_column type=\u00bb1_3&#8243; _builder_version=\u00bb4.16&#8243; custom_padding=\u00bb|||\u00bb global_colors_info=\u00bb{}\u00bb custom_padding__hover=\u00bb|||\u00bb][et_pb_text _builder_version=\u00bb4.27.4&#8243; _module_preset=\u00bbdefault\u00bb link_option_url=\u00bbhttps:\/\/www.connectloanservicing.com\/browser-requirements\/\u00bb link_option_url_new_window=\u00bbon\u00bb global_colors_info=\u00bb{}\u00bb]<\/p>\n<p><span style=\"text-decoration: underline;\"><span style=\"color: #000080; text-decoration: underline;\">Requisitos del navegador<\/span><\/span><\/p>\n<p>[\/et_pb_text][\/et_pb_column][et_pb_column type=\u00bb1_3&#8243; _builder_version=\u00bb4.16&#8243; custom_padding=\u00bb|||\u00bb global_colors_info=\u00bb{}\u00bb custom_padding__hover=\u00bb|||\u00bb][et_pb_text _builder_version=\u00bb4.27.4&#8243; _module_preset=\u00bbdefault\u00bb link_option_url=\u00bbhttps:\/\/www.connectloanservicing.com\/privacy-policy\/\u00bb link_option_url_new_window=\u00bbon\u00bb global_colors_info=\u00bb{}\u00bb]<\/p>\n<p><span style=\"text-decoration: underline;\"><span style=\"color: #000080; text-decoration: underline;\">Pol\u00edtica de privacidad<\/span><\/span><\/p>\n<p>[\/et_pb_text][\/et_pb_column][\/et_pb_row][\/et_pb_section][et_pb_section fb_built=\u00bb1&#8243; _builder_version=\u00bb4.16&#8243; custom_margin=\u00bb-13px|||||\u00bb custom_padding=\u00bb0px|0px|35px|0px|false|false\u00bb global_colors_info=\u00bb{}\u00bb][et_pb_row _builder_version=\u00bb4.27.4&#8243; width=\u00bb53%\u00bb max_width=\u00bb428px\u00bb min_height=\u00bb908px\u00bb custom_margin=\u00bb-7px|auto||auto||\u00bb custom_padding=\u00bb6px|0px|0px|0px|false|false\u00bb module_alignment_tablet=\u00bb\u00bb module_alignment_phone=\u00bb\u00bb module_alignment_last_edited=\u00bbon|phone\u00bb global_colors_info=\u00bb{}\u00bb][et_pb_column type=\u00bb4_4&#8243; _builder_version=\u00bb4.16&#8243; custom_padding=\u00bb|||\u00bb global_colors_info=\u00bb{}\u00bb custom_padding__hover=\u00bb|||\u00bb][et_pb_text _builder_version=\u00bb4.16&#8243; _dynamic_attributes=\u00bbcontent\u00bb text_font=\u00bb||||||||\u00bb text_orientation=\u00bbcenter\u00bb custom_margin=\u00bb-2px|||||\u00bb custom_padding=\u00bb||11px|||\u00bb global_colors_info=\u00bb{}\u00bb]@ET-DC@eyJkeW5hbWljIjp0cnVlLCJjb250ZW50IjoiY3VycmVudF9kYXRlIiwic2V0dGluZ3MiOnsiYmVmb3JlIjoiXHUwMGE5ICIsImFmdGVyIjoiIENPTk5FQ1QgTG9hbiBTZXJ2aWNpbmcuIFRvZG9zIGxvcyBkZXJlY2hvcyByZXNlcnZhZG9zLiIsImRhdGVfZm9ybWF0IjoiY3VzdG9tIiwiY3VzdG9tX2RhdGVfZm9ybWF0IjoiWSIsImVuYWJsZV9odG1sIjoib2ZmIn19@[\/et_pb_text][\/et_pb_column][\/et_pb_row][\/et_pb_section]<\/p>\n","protected":false},"excerpt":{"rendered":"<p>Bienvenido a CONNECT Loan ServicingProporcionamos un servicio de pr\u00e9stamos conveniente, seguro, responsivo y cort\u00e9s. &nbsp; \u00bfDesea pagar por tel\u00e9fono? Llame al 888-370-3640 para hablar con un representante de atenci\u00f3n al cliente.CONNECT Loan Servicing ayuda a los prestatarios de pr\u00e9stamos al consumo a gestionar su cuenta de pr\u00e9stamo y a realizar pagos con facilidad y confianza. [&hellip;]<\/p>\n","protected":false},"author":1,"featured_media":0,"parent":0,"menu_order":0,"comment_status":"closed","ping_status":"open","template":"","meta":{"_et_pb_use_builder":"on","_et_pb_old_content":"","_et_gb_content_width":"","footnotes":""},"class_list":["post-1512","page","type-page","status-publish","hentry"],"_links":{"self":[{"href":"https:\/\/www.connectloanservicing.com\/es\/wp-json\/wp\/v2\/pages\/1512","targetHints":{"allow":["GET"]}}],"collection":[{"href":"https:\/\/www.connectloanservicing.com\/es\/wp-json\/wp\/v2\/pages"}],"about":[{"href":"https:\/\/www.connectloanservicing.com\/es\/wp-json\/wp\/v2\/types\/page"}],"author":[{"embeddable":true,"href":"https:\/\/www.connectloanservicing.com\/es\/wp-json\/wp\/v2\/users\/1"}],"replies":[{"embeddable":true,"href":"https:\/\/www.connectloanservicing.com\/es\/wp-json\/wp\/v2\/comments?post=1512"}],"version-history":[{"count":2,"href":"https:\/\/www.connectloanservicing.com\/es\/wp-json\/wp\/v2\/pages\/1512\/revisions"}],"predecessor-version":[{"id":1515,"href":"https:\/\/www.connectloanservicing.com\/es\/wp-json\/wp\/v2\/pages\/1512\/revisions\/1515"}],"wp:attachment":[{"href":"https:\/\/www.connectloanservicing.com\/es\/wp-json\/wp\/v2\/media?parent=1512"}],"curies":[{"name":"wp","href":"https:\/\/api.w.org\/{rel}","templated":true}]}}